{"id":5418,"date":"2024-12-24T11:50:37","date_gmt":"2024-12-24T10:50:37","guid":{"rendered":"https:\/\/netwerkgroup.com\/politique-de-confidentialite\/"},"modified":"2026-02-02T10:48:55","modified_gmt":"2026-02-02T09:48:55","slug":"politique-de-confidentialite","status":"publish","type":"page","link":"https:\/\/netwerkgroup.com\/fr\/politique-de-confidentialite\/","title":{"rendered":"Politique de confidentialit\u00e9"},"content":{"rendered":"\t\t<div data-elementor-type=\"wp-page\" data-elementor-id=\"5418\" class=\"elementor elementor-5418 elementor-101\" data-elementor-post-type=\"page\">\n\t\t\t\t<div data-dce-background-image-url=\"https:\/\/netwerkgroup.com\/wp-content\/uploads\/2025\/02\/netwerk-hero-background-scaled-e1739017916868.jpg\" class=\"elementor-element elementor-element-1e0b618 e-flex e-con-boxed elementor-invisible e-con e-parent\" data-id=\"1e0b618\" data-element_type=\"container\" data-e-type=\"container\" data-settings=\"{&quot;background_background&quot;:&quot;classic&quot;,&quot;animation&quot;:&quot;fadeIn&quot;,&quot;shape_divider_bottom&quot;:&quot;curve&quot;}\">\n\t\t\t\t\t<div class=\"e-con-inner\">\n\t\t\t\t<div class=\"elementor-shape elementor-shape-bottom\" aria-hidden=\"true\" data-negative=\"false\">\n\t\t\t<svg xmlns=\"http:\/\/www.w3.org\/2000\/svg\" viewBox=\"0 0 1000 100\" preserveAspectRatio=\"none\">\n    <path class=\"elementor-shape-fill\" d=\"M1000,4.3V0H0v4.3C0.9,23.1,126.7,99.2,500,100S1000,22.7,1000,4.3z\"\/>\n<\/svg>\t\t<\/div>\n\t\t\t\t<div class=\"elementor-element elementor-element-600a13b elementor-widget__width-initial elementor-invisible elementor-widget elementor-widget-text-editor\" data-id=\"600a13b\" data-element_type=\"widget\" data-e-type=\"widget\" data-settings=\"{&quot;_animation&quot;:&quot;fadeIn&quot;,&quot;_animation_delay&quot;:250}\" data-widget_type=\"text-editor.default\">\n\t\t\t\t\t\t\t\t\t<h1>D\u00e9claration de confidentialit\u00e9<\/h1>\t\t\t\t\t\t\t\t<\/div>\n\t\t\t\t<div class=\"elementor-element elementor-element-a9860aa elementor-absolute animated-slow e-transform elementor-hidden-tablet elementor-hidden-mobile elementor-view-default elementor-invisible elementor-widget elementor-widget-icon\" data-id=\"a9860aa\" data-element_type=\"widget\" data-e-type=\"widget\" data-settings=\"{&quot;_position&quot;:&quot;absolute&quot;,&quot;motion_fx_motion_fx_scrolling&quot;:&quot;yes&quot;,&quot;_animation&quot;:&quot;rotateInUpRight&quot;,&quot;_animation_delay&quot;:550,&quot;motion_fx_scale_effect&quot;:&quot;yes&quot;,&quot;_transform_rotateZ_effect&quot;:{&quot;unit&quot;:&quot;px&quot;,&quot;size&quot;:115,&quot;sizes&quot;:[]},&quot;motion_fx_scale_direction&quot;:&quot;out-in&quot;,&quot;motion_fx_scale_speed&quot;:{&quot;unit&quot;:&quot;px&quot;,&quot;size&quot;:4,&quot;sizes&quot;:[]},&quot;motion_fx_scale_range&quot;:{&quot;unit&quot;:&quot;%&quot;,&quot;size&quot;:&quot;&quot;,&quot;sizes&quot;:{&quot;start&quot;:20,&quot;end&quot;:80}},&quot;motion_fx_devices&quot;:[&quot;desktop&quot;,&quot;tablet&quot;,&quot;mobile&quot;],&quot;_transform_rotateZ_effect_tablet&quot;:{&quot;unit&quot;:&quot;deg&quot;,&quot;size&quot;:&quot;&quot;,&quot;sizes&quot;:[]},&quot;_transform_rotateZ_effect_mobile&quot;:{&quot;unit&quot;:&quot;deg&quot;,&quot;size&quot;:&quot;&quot;,&quot;sizes&quot;:[]}}\" data-widget_type=\"icon.default\">\n\t\t\t\t\t\t\t<div class=\"elementor-icon-wrapper\">\n\t\t\t<div class=\"elementor-icon\">\n\t\t\t<svg xmlns=\"http:\/\/www.w3.org\/2000\/svg\" xmlns:xlink=\"http:\/\/www.w3.org\/1999\/xlink\" width=\"821.813\" height=\"952.293\" viewBox=\"0 0 821.813 952.293\"><defs><clipPath id=\"clip-path\"><rect id=\"Rectangle_532\" data-name=\"Rectangle 532\" width=\"803.104\" height=\"592.636\" fill=\"#b4dc3c\"><\/rect><\/clipPath><\/defs><g id=\"grijze_shape\" data-name=\"grijze shape\" transform=\"translate(821.813 192.943) rotate(109)\"><g id=\"Group_115\" data-name=\"Group 115\" clip-path=\"url(#clip-path)\"><path id=\"Path_199\" data-name=\"Path 199\" d=\"M593.155,90.559C398.306-27.207,154.567-30.554,48.748,83.084S15.1,384.311,209.95,502.076a640.468,640.468,0,0,0,74.925,38.763c100.023,43.678,206.179,59.808,296.5,48.1,71-9.206,132.224-35.616,172.981-79.384C860.176,395.914,788,208.324,593.155,90.559\" transform=\"translate(0 0.002)\" fill=\"#b4dc3c\"><\/path><\/g><\/g><\/svg>\t\t\t<\/div>\n\t\t<\/div>\n\t\t\t\t\t\t<\/div>\n\t\t\t\t<div class=\"elementor-element elementor-element-c59f7e8 elementor-absolute animated-slow elementor-hidden-tablet elementor-hidden-mobile elementor-view-default elementor-invisible elementor-widget elementor-widget-icon\" data-id=\"c59f7e8\" data-element_type=\"widget\" data-e-type=\"widget\" data-settings=\"{&quot;_position&quot;:&quot;absolute&quot;,&quot;motion_fx_motion_fx_scrolling&quot;:&quot;yes&quot;,&quot;motion_fx_scale_effect&quot;:&quot;yes&quot;,&quot;motion_fx_scale_speed&quot;:{&quot;unit&quot;:&quot;px&quot;,&quot;size&quot;:2,&quot;sizes&quot;:[]},&quot;_animation&quot;:&quot;rotateInUpLeft&quot;,&quot;_animation_delay&quot;:650,&quot;motion_fx_scale_direction&quot;:&quot;in-out&quot;,&quot;motion_fx_scale_range&quot;:{&quot;unit&quot;:&quot;%&quot;,&quot;size&quot;:&quot;&quot;,&quot;sizes&quot;:{&quot;start&quot;:20,&quot;end&quot;:80}},&quot;motion_fx_devices&quot;:[&quot;desktop&quot;,&quot;tablet&quot;,&quot;mobile&quot;]}\" data-widget_type=\"icon.default\">\n\t\t\t\t\t\t\t<div class=\"elementor-icon-wrapper\">\n\t\t\t<div class=\"elementor-icon\">\n\t\t\t<svg xmlns=\"http:\/\/www.w3.org\/2000\/svg\" xmlns:xlink=\"http:\/\/www.w3.org\/1999\/xlink\" width=\"640.586\" height=\"836.745\" viewBox=\"0 0 640.586 836.745\"><defs><clipPath id=\"clip-path\"><rect id=\"Rectangle_532\" data-name=\"Rectangle 532\" width=\"738.971\" height=\"433.446\" fill=\"#41464b\"><\/rect><\/clipPath><\/defs><g id=\"grijze_shape\" data-name=\"grijze shape\" transform=\"matrix(-0.309, 0.951, -0.951, -0.309, 640.586, 133.942)\" opacity=\"0.42\"><g id=\"Group_115\" data-name=\"Group 115\" clip-path=\"url(#clip-path)\"><path id=\"Path_199\" data-name=\"Path 199\" d=\"M545.788,66.233C366.5-19.9,142.224-22.347,44.855,60.766S13.9,281.079,193.184,367.211a656.484,656.484,0,0,0,68.942,28.351C354.161,427.507,451.84,439.3,534.95,430.739c65.334-6.733,121.665-26.049,159.167-58.061,97.368-83.113,30.959-220.313-148.329-306.445\" transform=\"translate(0 0.002)\" fill=\"#41464b\"><\/path><\/g><\/g><\/svg>\t\t\t<\/div>\n\t\t<\/div>\n\t\t\t\t\t\t<\/div>\n\t\t\t\t\t<\/div>\n\t\t\t\t<\/div>\n\t\t<div class=\"elementor-element elementor-element-579c64e e-flex e-con-boxed e-con e-parent\" data-id=\"579c64e\" data-element_type=\"container\" data-e-type=\"container\">\n\t\t\t\t\t<div class=\"e-con-inner\">\n\t\t\t\t<div class=\"elementor-element elementor-element-75e05a7 elementor-widget elementor-widget-text-editor\" data-id=\"75e05a7\" data-element_type=\"widget\" data-e-type=\"widget\" data-widget_type=\"text-editor.default\">\n\t\t\t\t\t\t\t\t\t<p>Netwerk est une soci\u00e9t\u00e9 anonyme et un prestataire de services aux entreprises, \u00e9tablie \u00e0 2018 Anvers, Desguinlei 22.<\/p><p>Le respect de la vie priv\u00e9e des collaborateurs (candidats), des autres relations et des visiteurs du site est essentiel dans le cadre de ces services. Netwerk traite et s\u00e9curise donc les donn\u00e9es personnelles avec soin. Netwerk respecte la l\u00e9gislation relative \u00e0 la protection des donn\u00e9es personnelles et est responsable du traitement des donn\u00e9es personnelles, tel que d\u00e9crit dans cette d\u00e9claration. Bien entendu, Netwerk ne peut garantir la s\u00e9curit\u00e9 ou la confidentialit\u00e9 contre les pirates informatiques, autres personnes ou failles de s\u00e9curit\u00e9.   <\/p><p>Netwerk <i>traite les donn\u00e9es personnelles<\/i> \u00e0 diverses fins. Ceci en fonction de certaines obligations l\u00e9gales, en fonction d&rsquo;un int\u00e9r\u00eat propre l\u00e9gitime ou de celui d&rsquo;un tiers (par exemple, un client) ou en fonction de la recherche de candidats. <\/p><p>Les donn\u00e9es personnelles sont des donn\u00e9es relatives \u00e0 une personne physique identifi\u00e9e ou susceptible d&rsquo;\u00eatre identifi\u00e9e, telles que les coordonn\u00e9es, le CV, etc. Les donn\u00e9es personnelles particuli\u00e8res sont des donn\u00e9es relatives \u00e0 la sant\u00e9, \u00e0 la sexualit\u00e9, aux convictions religieuses, aux ant\u00e9c\u00e9dents p\u00e9naux, \u00e0 la race ou \u00e0 l&rsquo;origine ethnique. Netwerk ne traite pas ces donn\u00e9es, sauf si cela est n\u00e9cessaire et sur une base l\u00e9gale. <\/p><p>Concr\u00e8tement.<\/p><p>Les donn\u00e9es personnelles <i>du collaborateur (candidat)<\/i> sont conserv\u00e9es et trait\u00e9es afin de pouvoir faire des offres, d&rsquo;\u00e9valuer le profil et l&rsquo;aptitude et\/ou de r\u00e9pondre \u00e0 la demande ou \u00e0 la candidature, d&rsquo;effectuer la gestion des collaborateurs ou l&rsquo;administration des salaires ou de mener des enqu\u00eates internes et des audits internes. Netwerk r\u00e9pond ainsi \u00e9galement aux questions des personnes concern\u00e9es, am\u00e9liore ses services et garantit la s\u00e9curit\u00e9. <\/p><p>Netwerk traite dans ce cadre les donn\u00e9es personnelles suivantes&nbsp;:<\/p><ul><li>nom, adresse postale et \u00e9lectronique, num\u00e9ro de t\u00e9l\u00e9phone et autres coordonn\u00e9es,<\/li><li>donn\u00e9es de naissance, nationalit\u00e9, \u00e2ge et sexe,<\/li><li>CV, lettre de motivation, offre d&rsquo;emploi, pr\u00e9f\u00e9rences,<\/li><li>informations sur la disponibilit\u00e9,<\/li><li>r\u00e9f\u00e9rences, dipl\u00f4mes, certificats, exp\u00e9rience professionnelle, formations, stages, permis de conduire, permis de travail, visas,<\/li><li>adh\u00e9sion \u00e0 des associations professionnelles,<\/li><li>m\u00e9dias sociaux et profils (linkedin par exemple),<\/li><li>photo,<\/li><li>notes de Netwerk,<\/li><li>screenings&nbsp;: d\u00e9clarations d&rsquo;int\u00e9grit\u00e9, fonctions accessoires,<\/li><li>r\u00e9sultats d&rsquo;\u00e9valuation,<\/li><li>dossier du personnel tel que requis par la l\u00e9gislation du travail, fiscale et de s\u00e9curit\u00e9 sociale,<\/li><li>num\u00e9ros de comptes bancaires, salaires, tarifs des ind\u00e9pendants,<\/li><li>taux d&rsquo;absent\u00e9isme,<\/li><li>donn\u00e9es de la voiture de soci\u00e9t\u00e9 et autres avantages,<\/li><\/ul><p>En remplissant le formulaire, le collaborateur candidat donne \u00e0 Netwerk l&rsquo;autorisation explicite de conserver les donn\u00e9es fournies et de les mettre \u00e0 la disposition d&rsquo;un client.<\/p><p>Netwerk traite \u00e9galement les donn\u00e9es personnelles des personnes concern\u00e9es travaillant chez ses <i>relations<\/i> pour la gestion des performances des collaborateurs, afin de conclure et de faire ex\u00e9cuter des contrats. Ainsi, sont notamment trait\u00e9s les noms, les coordonn\u00e9es (y compris les adresses e-mail, les num\u00e9ros de t\u00e9l\u00e9phone) et les fonctions. <\/p><p>Netwerk <i>partage les donn\u00e9es personnelles<\/i> avec&nbsp;:<\/p><ul><li>les collaborateurs autoris\u00e9s,<\/li><li>les clients, lors de la pr\u00e9sentation des candidats,<\/li><li>les sous-traitants, qui traitent les donn\u00e9es pour le compte de Netwerk,<\/li><li>d&rsquo;autres, par exemple, les prestataires de services de Netwerk,<\/li><\/ul><p>Les donn\u00e9es peuvent \u00eatre transmises en dehors de la Belgique. Netwerk a pris les mesures n\u00e9cessaires pour garantir, le cas \u00e9ch\u00e9ant, que les donn\u00e9es personnelles transmises soient prot\u00e9g\u00e9es de mani\u00e8re ad\u00e9quate. <\/p><p>Sauf obligations l\u00e9gales, Netwerk ne conserve pas les donn\u00e9es personnelles plus longtemps que n\u00e9cessaire pour atteindre les objectifs susmentionn\u00e9s.<\/p><p><i>\u00c0 tout moment, il peut \u00eatre demand\u00e9 (ses propres) donn\u00e9es personnelles<\/i>&nbsp;:<\/p><ul><li>de les consulter,<\/li><li>de les modifier,<\/li><li>de les am\u00e9liorer,<\/li><li>ou de les faire supprimer.<\/li><\/ul><p>Et ce via l&rsquo;adresse&nbsp;: <a href=\"mailto:gdpr@netwerkbelgium.com\">gdpr@netwerkbelgium.com<\/a>.<\/p><p>\u00c0 cette m\u00eame adresse, on peut s&rsquo;adresser pour s&rsquo;opposer au traitement des donn\u00e9es personnelles sur la base d&rsquo;un int\u00e9r\u00eat l\u00e9gitime de Netwerk, \u00e0 la limitation du traitement des donn\u00e9es personnelles, au transfert de donn\u00e9es personnelles, et ce, \u00e0 chaque fois, dans les cas pr\u00e9vus par la loi. La personne concern\u00e9e peut \u00e9galement y retirer son consentement au traitement de ses donn\u00e9es personnelles. <\/p><p>On peut \u00e9videmment aussi s&rsquo;adresser \u00e0 la Data Protection Assistant Elke Van Linden de Netwerk via <a href=\"mailto:gdpr@netwerkbelgium.com\">gdpr@netwerkbelgium.com<\/a> ou par t\u00e9l\u00e9phone au +32 3 237 25 37.<br>On peut \u00e9galement s&rsquo;adresser \u00e0 elle pour toute question.<\/p><p>Netwerk met tout en \u0153uvre pour s\u00e9curiser au mieux les donn\u00e9es personnelles. Netwerk le fait au moyen de mesures physiques, administratives, organisationnelles et techniques et de proc\u00e9dures strictes. Seules les personnes autoris\u00e9es ont acc\u00e8s aux donn\u00e9es. Si et dans la mesure o\u00f9 des donn\u00e9es sont fournies \u00e0 des sous-traitants ou \u00e0 d&rsquo;autres personnes qui fournissent des services ou ex\u00e9cutent des missions au nom de Netwerk, Netwerk conclut avec eux des contrats de sous-traitance pour le respect de la l\u00e9gislation sur la protection de la vie priv\u00e9e et\/ou prend avec eux des accords pr\u00e9cis \u00e0 ce sujet. Netwerk a mis en place des proc\u00e9dures pour signaler les fuites de donn\u00e9es. Le site web de Netwerk est scann\u00e9 \u00e0 la recherche de virus et autres logiciels malveillants.     <\/p><p>En cas de (suspicion de) fuite de donn\u00e9es, Netwerk demande de le signaler imm\u00e9diatement via <a href=\"mailto:gdpr@netwerkbelgium.com\">gdpr@netwerkbelgium.com<\/a>.<\/p><p>Netwerk utilise des cookies, qui sont de petits fichiers stock\u00e9s sur votre disque dur, afin que notre site web puisse vous reconna\u00eetre lorsque vous visitez notre site web. Vous pouvez configurer votre navigateur de mani\u00e8re \u00e0 ce que les cookies soient refus\u00e9s ou que vous soyez averti. <\/p><p>Netwerk se r\u00e9serve le droit de modifier cette d\u00e9claration en fonction des modifications de politique, des modifications de la loi ou de la jurisprudence. Cette d\u00e9claration a \u00e9t\u00e9 modifi\u00e9e pour la derni\u00e8re fois le 31\/05\/2018. <\/p>\t\t\t\t\t\t\t\t<\/div>\n\t\t\t\t\t<\/div>\n\t\t\t\t<\/div>\n\t\t\t\t<\/div>\n\t\t","protected":false},"excerpt":{"rendered":"<p>D\u00e9claration de confidentialit\u00e9 Netwerk est une soci\u00e9t\u00e9 anonyme et un prestataire de services aux entreprises, \u00e9tablie \u00e0 2018 Anvers, Desguinlei 22. Le respect de la vie priv\u00e9e des collaborateurs (candidats), des autres relations et des visiteurs du site est essentiel dans le cadre de ces services. Netwerk traite et s\u00e9curise donc les donn\u00e9es personnelles avec [&hellip;]<\/p>\n","protected":false},"author":1,"featured_media":0,"parent":0,"menu_order":0,"comment_status":"closed","ping_status":"closed","template":"","meta":{"_acf_changed":false,"footnotes":""},"class_list":["post-5418","page","type-page","status-publish","hentry"],"acf":[],"yoast_head":"<!-- This site is optimized with the Yoast SEO Premium plugin v27.3 (Yoast SEO v27.6) - https:\/\/yoast.com\/product\/yoast-seo-premium-wordpress\/ -->\n<title>Politique de confidentialit\u00e9 | Netwerk<\/title>\n<meta name=\"description\" content=\"D\u00e9couvrez tout sur notre politique de confidentialit\u00e9. D\u00e9couvrez comment nous prot\u00e9geons vos donn\u00e9es et agissons de mani\u00e8re transparente.\" \/>\n<meta name=\"robots\" content=\"noindex, nofollow\" \/>\n<meta property=\"og:locale\" content=\"fr_FR\" \/>\n<meta property=\"og:type\" content=\"article\" \/>\n<meta property=\"og:title\" content=\"Politique de confidentialit\u00e9\" \/>\n<meta property=\"og:description\" content=\"D\u00e9couvrez tout sur notre politique de confidentialit\u00e9. D\u00e9couvrez comment nous prot\u00e9geons vos donn\u00e9es et agissons de mani\u00e8re transparente.\" \/>\n<meta property=\"og:url\" content=\"https:\/\/netwerkgroup.com\/fr\/politique-de-confidentialite\/\" \/>\n<meta property=\"og:site_name\" content=\"Netwerk\" \/>\n<meta property=\"article:modified_time\" content=\"2026-02-02T09:48:55+00:00\" \/>\n<meta property=\"og:image\" content=\"https:\/\/netwerkgroup.com\/wp-content\/uploads\/2025\/11\/netwerk-beverentunnel-10209-1.jpg\" \/>\n\t<meta property=\"og:image:width\" content=\"1080\" \/>\n\t<meta property=\"og:image:height\" content=\"720\" \/>\n\t<meta property=\"og:image:type\" content=\"image\/jpeg\" \/>\n<meta name=\"twitter:card\" content=\"summary_large_image\" \/>\n<meta name=\"twitter:label1\" content=\"Dur\u00e9e de lecture estim\u00e9e\" \/>\n\t<meta name=\"twitter:data1\" content=\"5 minute\" \/>\n<script type=\"application\/ld+json\" class=\"yoast-schema-graph\">{\"@context\":\"https:\\\/\\\/schema.org\",\"@graph\":[{\"@type\":\"WebPage\",\"@id\":\"https:\\\/\\\/netwerkgroup.com\\\/fr\\\/politique-de-confidentialite\\\/\",\"url\":\"https:\\\/\\\/netwerkgroup.com\\\/fr\\\/politique-de-confidentialite\\\/\",\"name\":\"Politique de confidentialit\u00e9 | Netwerk\",\"isPartOf\":{\"@id\":\"https:\\\/\\\/netwerkgroup.com\\\/fr\\\/#website\"},\"datePublished\":\"2024-12-24T10:50:37+00:00\",\"dateModified\":\"2026-02-02T09:48:55+00:00\",\"description\":\"D\u00e9couvrez tout sur notre politique de confidentialit\u00e9. D\u00e9couvrez comment nous prot\u00e9geons vos donn\u00e9es et agissons de mani\u00e8re transparente.\",\"breadcrumb\":{\"@id\":\"https:\\\/\\\/netwerkgroup.com\\\/fr\\\/politique-de-confidentialite\\\/#breadcrumb\"},\"inLanguage\":\"fr-FR\",\"potentialAction\":[{\"@type\":\"ReadAction\",\"target\":[\"https:\\\/\\\/netwerkgroup.com\\\/fr\\\/politique-de-confidentialite\\\/\"]}]},{\"@type\":\"BreadcrumbList\",\"@id\":\"https:\\\/\\\/netwerkgroup.com\\\/fr\\\/politique-de-confidentialite\\\/#breadcrumb\",\"itemListElement\":[{\"@type\":\"ListItem\",\"position\":1,\"name\":\"Home\",\"item\":\"https:\\\/\\\/netwerkgroup.com\\\/fr\\\/bienvenue-sur-netwerk\\\/\"},{\"@type\":\"ListItem\",\"position\":2,\"name\":\"Politique de confidentialit\u00e9\"}]},{\"@type\":\"WebSite\",\"@id\":\"https:\\\/\\\/netwerkgroup.com\\\/fr\\\/#website\",\"url\":\"https:\\\/\\\/netwerkgroup.com\\\/fr\\\/\",\"name\":\"Netwerk\",\"description\":\"Always a great job\",\"publisher\":{\"@id\":\"https:\\\/\\\/netwerkgroup.com\\\/fr\\\/#organization\"},\"potentialAction\":[{\"@type\":\"SearchAction\",\"target\":{\"@type\":\"EntryPoint\",\"urlTemplate\":\"https:\\\/\\\/netwerkgroup.com\\\/fr\\\/?s={search_term_string}\"},\"query-input\":{\"@type\":\"PropertyValueSpecification\",\"valueRequired\":true,\"valueName\":\"search_term_string\"}}],\"inLanguage\":\"fr-FR\"},{\"@type\":\"Organization\",\"@id\":\"https:\\\/\\\/netwerkgroup.com\\\/fr\\\/#organization\",\"name\":\"Netwerk\",\"url\":\"https:\\\/\\\/netwerkgroup.com\\\/fr\\\/\",\"logo\":{\"@type\":\"ImageObject\",\"inLanguage\":\"fr-FR\",\"@id\":\"https:\\\/\\\/netwerkgroup.com\\\/fr\\\/#\\\/schema\\\/logo\\\/image\\\/\",\"url\":\"https:\\\/\\\/netwerkgroup.com\\\/wp-content\\\/uploads\\\/2022\\\/09\\\/Netwerk-logo.png\",\"contentUrl\":\"https:\\\/\\\/netwerkgroup.com\\\/wp-content\\\/uploads\\\/2022\\\/09\\\/Netwerk-logo.png\",\"width\":914,\"height\":234,\"caption\":\"Netwerk\"},\"image\":{\"@id\":\"https:\\\/\\\/netwerkgroup.com\\\/fr\\\/#\\\/schema\\\/logo\\\/image\\\/\"},\"sameAs\":[\"https:\\\/\\\/www.linkedin.com\\\/company\\\/netwerk\\\/\"],\"email\":\"greatjobs@netwerkgroup.com\",\"telephone\":\"+32 3 237 25 37\",\"legalName\":\"Netwerk NV\",\"vatID\":\"BE 0860.110.183\",\"numberOfEmployees\":{\"@type\":\"QuantitativeValue\",\"minValue\":\"201\",\"maxValue\":\"500\"}}]}<\/script>\n<!-- \/ Yoast SEO Premium plugin. -->","yoast_head_json":{"title":"Politique de confidentialit\u00e9 | Netwerk","description":"D\u00e9couvrez tout sur notre politique de confidentialit\u00e9. D\u00e9couvrez comment nous prot\u00e9geons vos donn\u00e9es et agissons de mani\u00e8re transparente.","robots":{"index":"noindex","follow":"nofollow"},"og_locale":"fr_FR","og_type":"article","og_title":"Politique de confidentialit\u00e9","og_description":"D\u00e9couvrez tout sur notre politique de confidentialit\u00e9. D\u00e9couvrez comment nous prot\u00e9geons vos donn\u00e9es et agissons de mani\u00e8re transparente.","og_url":"https:\/\/netwerkgroup.com\/fr\/politique-de-confidentialite\/","og_site_name":"Netwerk","article_modified_time":"2026-02-02T09:48:55+00:00","og_image":[{"width":1080,"height":720,"url":"https:\/\/netwerkgroup.com\/wp-content\/uploads\/2025\/11\/netwerk-beverentunnel-10209-1.jpg","type":"image\/jpeg"}],"twitter_card":"summary_large_image","twitter_misc":{"Dur\u00e9e de lecture estim\u00e9e":"5 minute"},"schema":{"@context":"https:\/\/schema.org","@graph":[{"@type":"WebPage","@id":"https:\/\/netwerkgroup.com\/fr\/politique-de-confidentialite\/","url":"https:\/\/netwerkgroup.com\/fr\/politique-de-confidentialite\/","name":"Politique de confidentialit\u00e9 | Netwerk","isPartOf":{"@id":"https:\/\/netwerkgroup.com\/fr\/#website"},"datePublished":"2024-12-24T10:50:37+00:00","dateModified":"2026-02-02T09:48:55+00:00","description":"D\u00e9couvrez tout sur notre politique de confidentialit\u00e9. D\u00e9couvrez comment nous prot\u00e9geons vos donn\u00e9es et agissons de mani\u00e8re transparente.","breadcrumb":{"@id":"https:\/\/netwerkgroup.com\/fr\/politique-de-confidentialite\/#breadcrumb"},"inLanguage":"fr-FR","potentialAction":[{"@type":"ReadAction","target":["https:\/\/netwerkgroup.com\/fr\/politique-de-confidentialite\/"]}]},{"@type":"BreadcrumbList","@id":"https:\/\/netwerkgroup.com\/fr\/politique-de-confidentialite\/#breadcrumb","itemListElement":[{"@type":"ListItem","position":1,"name":"Home","item":"https:\/\/netwerkgroup.com\/fr\/bienvenue-sur-netwerk\/"},{"@type":"ListItem","position":2,"name":"Politique de confidentialit\u00e9"}]},{"@type":"WebSite","@id":"https:\/\/netwerkgroup.com\/fr\/#website","url":"https:\/\/netwerkgroup.com\/fr\/","name":"Netwerk","description":"Always a great job","publisher":{"@id":"https:\/\/netwerkgroup.com\/fr\/#organization"},"potentialAction":[{"@type":"SearchAction","target":{"@type":"EntryPoint","urlTemplate":"https:\/\/netwerkgroup.com\/fr\/?s={search_term_string}"},"query-input":{"@type":"PropertyValueSpecification","valueRequired":true,"valueName":"search_term_string"}}],"inLanguage":"fr-FR"},{"@type":"Organization","@id":"https:\/\/netwerkgroup.com\/fr\/#organization","name":"Netwerk","url":"https:\/\/netwerkgroup.com\/fr\/","logo":{"@type":"ImageObject","inLanguage":"fr-FR","@id":"https:\/\/netwerkgroup.com\/fr\/#\/schema\/logo\/image\/","url":"https:\/\/netwerkgroup.com\/wp-content\/uploads\/2022\/09\/Netwerk-logo.png","contentUrl":"https:\/\/netwerkgroup.com\/wp-content\/uploads\/2022\/09\/Netwerk-logo.png","width":914,"height":234,"caption":"Netwerk"},"image":{"@id":"https:\/\/netwerkgroup.com\/fr\/#\/schema\/logo\/image\/"},"sameAs":["https:\/\/www.linkedin.com\/company\/netwerk\/"],"email":"greatjobs@netwerkgroup.com","telephone":"+32 3 237 25 37","legalName":"Netwerk NV","vatID":"BE 0860.110.183","numberOfEmployees":{"@type":"QuantitativeValue","minValue":"201","maxValue":"500"}}]}},"_links":{"self":[{"href":"https:\/\/netwerkgroup.com\/fr\/wp-json\/wp\/v2\/pages\/5418","targetHints":{"allow":["GET"]}}],"collection":[{"href":"https:\/\/netwerkgroup.com\/fr\/wp-json\/wp\/v2\/pages"}],"about":[{"href":"https:\/\/netwerkgroup.com\/fr\/wp-json\/wp\/v2\/types\/page"}],"author":[{"embeddable":true,"href":"https:\/\/netwerkgroup.com\/fr\/wp-json\/wp\/v2\/users\/1"}],"replies":[{"embeddable":true,"href":"https:\/\/netwerkgroup.com\/fr\/wp-json\/wp\/v2\/comments?post=5418"}],"version-history":[{"count":1,"href":"https:\/\/netwerkgroup.com\/fr\/wp-json\/wp\/v2\/pages\/5418\/revisions"}],"predecessor-version":[{"id":5420,"href":"https:\/\/netwerkgroup.com\/fr\/wp-json\/wp\/v2\/pages\/5418\/revisions\/5420"}],"wp:attachment":[{"href":"https:\/\/netwerkgroup.com\/fr\/wp-json\/wp\/v2\/media?parent=5418"}],"curies":[{"name":"wp","href":"https:\/\/api.w.org\/{rel}","templated":true}]}}